{"id":11,"date":"2013-10-08T22:50:58","date_gmt":"2013-10-08T20:50:58","guid":{"rendered":"http:\/\/www.rutschmann-schoebel.de\/?page_id=11"},"modified":"2018-10-01T19:19:38","modified_gmt":"2018-10-01T17:19:38","slug":"fachbuch","status":"publish","type":"page","link":"https:\/\/www.rutschmann-schoebel.de\/?page_id=11","title":{"rendered":"fachbuch wind"},"content":{"rendered":"<div>\n<p><b>Windenergie und Landschafts\u00e4sthetik.<br \/>\n<\/b>Zur landschaftsgerechten Anordnung von Windfarmen.<br \/>\n<span style=\"color: #888888;\"><a href=\"http:\/\/www.jovis.de\/index.php?idcatside=3424&amp;lang=1\" target=\"_blank\">jovis Berlin 2012<\/a> . ISBN 978-3-86859-150-7<\/span><\/p>\n<p><img loading=\"lazy\" decoding=\"async\" class=\"size-medium wp-image-230   alignright\" alt=\"Windenergie und Landschafts\u00e4sthetik\" src=\"https:\/\/www.rutschmann-schoebel.de\/wp-content\/uploads\/2013\/10\/windbuch-206x300.png\" width=\"206\" height=\"300\" srcset=\"https:\/\/www.rutschmann-schoebel.de\/wp-content\/uploads\/2013\/10\/windbuch-206x300.png 206w, https:\/\/www.rutschmann-schoebel.de\/wp-content\/uploads\/2013\/10\/windbuch-706x1024.png 706w, https:\/\/www.rutschmann-schoebel.de\/wp-content\/uploads\/2013\/10\/windbuch.png 861w\" sizes=\"auto, (max-width: 206px) 100vw, 206px\" \/><\/p>\n<p>Mit der durch das Reaktorungl\u00fcck von Fukushima eingeleiteten Energiewende wird die Zahl der Windenergieanlagen in Deutschland noch erheblich zunehmen. Schon jetzt sind sie vielerorts allgegenw\u00e4rtiger Bestandteil der Landschaft. Die Anlagen sind nicht unumstritten: \u00f6kologisch unzweifelhaft sinnvoll, ruft ihre un\u00fcbersehbare Pr\u00e4senz im Landschaftsbild auch heftige Ablehnung hervor. Dieses Buch stellt die Frage, wie Windenergieanlagen sinnvoll und \u00e4sthetisch ansprechend in Landschaft einbezogen werden k\u00f6nnen und gibt dabei konkrete L\u00f6sungsvorschl\u00e4ge zur Platzierung und Anordnung der Masten. Die Anlagen werden nicht isoliert, sondern erstmals in Zusammenhang mit einer umfassenden Landschafts\u00e4sthetik betrachtet: Was ist heute sch\u00f6ne Landschaft, aus welchen nat\u00fcrlichen und kulturellen, historischen und zeitgen\u00f6ssischen Elementen, Strukturen und Bedeutungen bildet sie sich? Und welche Stellung k\u00f6nnen dabei Windenergieanlagen einnehmen?<\/p>\n<p>Das Buch soll die vielerorts diskutierte Landschaftsbildproblematik versachlichen. Zentrale Aussage ist, dass Windenergieanlagen der neuesten Generation sich aufgrund ihrer Gr\u00f6\u00dfe nur landschaftlich einf\u00fcgen lassen, wenn sie zu den gro\u00dfen Morphologien der Naturr\u00e4ume in Bezug gesetzt werden. Dies f\u00fchrt zur Forderung nach einem \u2011\u00a0informellen &#8211; naturlandschaftlichen Regelwerk auf Landesebene sowie nach spezifischen Konzepten auf Regionalplanungsebene, die aus den historisch gewachsenen Charakterlandschaften zu entwickeln sind.<\/p>\n<p>Eine lokale Akzeptanz in der Bev\u00f6lkerung l\u00e4sst sich nur dann entwickeln, wenn die Standorte landschaftlich als sinnstiftend wahrgenommen werden. Das schlie\u00dft technische Aspekte wie die Windh\u00f6ffigkeit selbstverst\u00e4ndlich ein, verbietet es aber, die einzelnen Standorte nach angeblicher \u201aVorbelastung\u2019 der Landschaft bzw. nach lokalen Partikularinteressen auszuw\u00e4hlen.<\/p>\n<\/div>\n","protected":false},"excerpt":{"rendered":"<p>Windenergie und Landschafts\u00e4sthetik. Zur landschaftsgerechten Anordnung von Windfarmen. jovis Berlin 2012 . ISBN 978-3-86859-150-7 Mit der durch das Reaktorungl\u00fcck von Fukushima eingeleiteten Energiewende wird die Zahl der Windenergieanlagen in Deutschland noch erheblich zunehmen. Schon jetzt sind sie vielerorts allgegenw\u00e4rtiger Bestandteil der Landschaft. Die Anlagen sind nicht unumstritten: \u00f6kologisch unzweifelhaft sinnvoll, ruft ihre un\u00fcbersehbare Pr\u00e4senz im [&hellip;]<\/p>\n","protected":false},"author":1,"featured_media":0,"parent":0,"menu_order":0,"comment_status":"closed","ping_status":"closed","template":"","meta":{"footnotes":""},"class_list":["post-11","page","type-page","status-publish","hentry"],"_links":{"self":[{"href":"https:\/\/www.rutschmann-schoebel.de\/index.php?rest_route=\/wp\/v2\/pages\/11","targetHints":{"allow":["GET"]}}],"collection":[{"href":"https:\/\/www.rutschmann-schoebel.de\/index.php?rest_route=\/wp\/v2\/pages"}],"about":[{"href":"https:\/\/www.rutschmann-schoebel.de\/index.php?rest_route=\/wp\/v2\/types\/page"}],"author":[{"embeddable":true,"href":"https:\/\/www.rutschmann-schoebel.de\/index.php?rest_route=\/wp\/v2\/users\/1"}],"replies":[{"embeddable":true,"href":"https:\/\/www.rutschmann-schoebel.de\/index.php?rest_route=%2Fwp%2Fv2%2Fcomments&post=11"}],"version-history":[{"count":8,"href":"https:\/\/www.rutschmann-schoebel.de\/index.php?rest_route=\/wp\/v2\/pages\/11\/revisions"}],"predecessor-version":[{"id":404,"href":"https:\/\/www.rutschmann-schoebel.de\/index.php?rest_route=\/wp\/v2\/pages\/11\/revisions\/404"}],"wp:attachment":[{"href":"https:\/\/www.rutschmann-schoebel.de\/index.php?rest_route=%2Fwp%2Fv2%2Fmedia&parent=11"}],"curies":[{"name":"wp","href":"https:\/\/api.w.org\/{rel}","templated":true}]}}