{"id":33,"date":"2013-10-08T22:55:38","date_gmt":"2013-10-08T20:55:38","guid":{"rendered":"http:\/\/www.rutschmann-schoebel.de\/?page_id=33"},"modified":"2018-10-01T19:19:31","modified_gmt":"2018-10-01T17:19:31","slug":"veroeffentlichungen","status":"publish","type":"page","link":"https:\/\/www.rutschmann-schoebel.de\/?page_id=33","title":{"rendered":"fachartikel stadt"},"content":{"rendered":"<div>\n<p><a href=\"https:\/\/www.rutschmann-schoebel.de\/wp-content\/uploads\/2013\/10\/Titel-Stadtbauwelt-191.jpg\"><img loading=\"lazy\" decoding=\"async\" class=\"size-medium wp-image-246 alignright\" alt=\"Titel Stadtbauwelt 191\" src=\"https:\/\/www.rutschmann-schoebel.de\/wp-content\/uploads\/2013\/10\/Titel-Stadtbauwelt-191-237x300.jpg\" width=\"237\" height=\"300\" srcset=\"https:\/\/www.rutschmann-schoebel.de\/wp-content\/uploads\/2013\/10\/Titel-Stadtbauwelt-191-237x300.jpg 237w, https:\/\/www.rutschmann-schoebel.de\/wp-content\/uploads\/2013\/10\/Titel-Stadtbauwelt-191.jpg 449w\" sizes=\"auto, (max-width: 237px) 100vw, 237px\" \/><\/a><strong><\/strong><\/p>\n<p><strong>Die Landschaft von M\u00fcnchen (The Munich Landscape). <\/strong>In: Euphorigenic Landscapes. Ed. LAREG<\/p>\n<p><strong>Freiraum \/ Landschaft &#8211; kritische Rekonstruktion.<\/strong><br \/>\nIn: Fischer H (Ed.): Zukunft aus Landschaft gestalten, Hannover 2012<\/p>\n<p><strong>Das IGA-Konzept \u00fcberdenken. <\/strong>StadtBauwelt 191, 36.2011, S. 62-63 <a href=\"https:\/\/www.rutschmann-schoebel.de\/wp-content\/uploads\/2013\/10\/Seiten-aus-bw_2011_36_0056-0063.413019-2.pdf\" target=\"_blank\">Artikel lesen<\/a><\/p>\n<p><strong>Stadtgr\u00fcn 2025. Entwicklung von urbanen und suburbanen Lebenswelten. <\/strong>Stadt und Gr\u00fcn 2010; 6: 55-57 <a href=\"https:\/\/www.rutschmann-schoebel.de\/wp-content\/uploads\/2013\/10\/SUG_6-10_Autoren.pdf\" target=\"_blank\">Artikel lesen<\/a><\/p>\n<p><strong>Landschaftsurbanismus. <\/strong>In: Multiple City. Stadtkonzepte 1908 \/ 2008. Wolfrum S, Nerdinger W, Schaubeck S. (Ed.) 2008: 14-18<\/p>\n<p><strong>Explicit green systems and implicit green structures. <\/strong>In: Green Structure and Urban Planning. COST C 11 Final Report, COST Office Br\u00fcssel. 2005: 418-422<\/p>\n<p><strong>\u00dcber Vielfalt und Gleichgang<\/strong><br \/>\nGarten und Landschaft. 2003; 10: 32-33<\/p>\n<p><strong>Freiraum Politik<\/strong><br \/>\nStadt + Gr\u00fcn. 2003; 09: 7-10<\/p>\n<p><strong>Weite Felder. Jenseits einer Theorie zuk\u00fcnftiger Landschaftsarchitektur.<\/strong> mit Wenzel J<br \/>\nDeutsches Architektenblatt. 2001; 07: 9-11<\/p>\n<\/div>\n","protected":false},"excerpt":{"rendered":"<p>Die Landschaft von M\u00fcnchen (The Munich Landscape). In: Euphorigenic Landscapes. Ed. LAREG Freiraum \/ Landschaft &#8211; kritische Rekonstruktion. In: Fischer H (Ed.): Zukunft aus Landschaft gestalten, Hannover 2012 Das IGA-Konzept \u00fcberdenken. StadtBauwelt 191, 36.2011, S. 62-63 Artikel lesen Stadtgr\u00fcn 2025. Entwicklung von urbanen und suburbanen Lebenswelten. Stadt und Gr\u00fcn 2010; 6: 55-57 Artikel lesen Landschaftsurbanismus. [&hellip;]<\/p>\n","protected":false},"author":1,"featured_media":0,"parent":0,"menu_order":0,"comment_status":"closed","ping_status":"closed","template":"","meta":{"footnotes":""},"class_list":["post-33","page","type-page","status-publish","hentry"],"_links":{"self":[{"href":"https:\/\/www.rutschmann-schoebel.de\/index.php?rest_route=\/wp\/v2\/pages\/33","targetHints":{"allow":["GET"]}}],"collection":[{"href":"https:\/\/www.rutschmann-schoebel.de\/index.php?rest_route=\/wp\/v2\/pages"}],"about":[{"href":"https:\/\/www.rutschmann-schoebel.de\/index.php?rest_route=\/wp\/v2\/types\/page"}],"author":[{"embeddable":true,"href":"https:\/\/www.rutschmann-schoebel.de\/index.php?rest_route=\/wp\/v2\/users\/1"}],"replies":[{"embeddable":true,"href":"https:\/\/www.rutschmann-schoebel.de\/index.php?rest_route=%2Fwp%2Fv2%2Fcomments&post=33"}],"version-history":[{"count":9,"href":"https:\/\/www.rutschmann-schoebel.de\/index.php?rest_route=\/wp\/v2\/pages\/33\/revisions"}],"predecessor-version":[{"id":403,"href":"https:\/\/www.rutschmann-schoebel.de\/index.php?rest_route=\/wp\/v2\/pages\/33\/revisions\/403"}],"wp:attachment":[{"href":"https:\/\/www.rutschmann-schoebel.de\/index.php?rest_route=%2Fwp%2Fv2%2Fmedia&parent=33"}],"curies":[{"name":"wp","href":"https:\/\/api.w.org\/{rel}","templated":true}]}}